{"id":1299,"date":"2024-09-03T10:45:31","date_gmt":"2024-09-03T10:45:31","guid":{"rendered":"https:\/\/demo.casethemes.net\/aimo\/?page_id=1299"},"modified":"2025-09-09T17:16:21","modified_gmt":"2025-09-09T17:16:21","slug":"produtos","status":"publish","type":"page","link":"https:\/\/gustavorocha1756318787000.0740735.meusitehostgator.com.br\/es\/produtos\/","title":{"rendered":"Conhe\u00e7a nossos Produtos"},"content":{"rendered":"<div data-elementor-type=\"wp-page\" data-elementor-id=\"1299\" class=\"elementor elementor-1299\" data-elementor-post-type=\"page\">\n\t\t\t\t        <section class=\"elementor-section elementor-top-section elementor-element elementor-element-c9b318e elementor-section-stretched elementor-section-boxed elementor-section-height-default elementor-section-height-default pxl-row-scroll-none none pxl-zoom-point-false pxl-section-overflow-visible pxl-section-fix-none pxl-bg-color-none pxl-section-overlay-none\" data-id=\"c9b318e\" data-element_type=\"section\" data-settings=\"{&quot;stretch_section&quot;:&quot;section-stretched&quot;}\">\n\n                \n                <div class=\"elementor-container elementor-column-gap-extended\">\n                <div class=\"elementor-column elementor-col-100 elementor-top-column elementor-element elementor-element-376ab1b pxl-column-none pxl-column-overflow-hidden-no\" data-id=\"376ab1b\" data-element_type=\"column\">\r\n        <div class=\"elementor-widget-wrap elementor-element-populated\">\r\n                     \r\n        \t\t<div class=\"elementor-element elementor-element-847c46a elementor-widget elementor-widget-pxl_heading\" data-id=\"847c46a\" data-element_type=\"widget\" data-widget_type=\"pxl_heading.default\">\n\t\t\t\t<div class=\"elementor-widget-container\">\n\t\t\t\t\t\n<div id=\"pxl-pxl_heading-847c46a-4952\" class=\"pxl-heading  px-sub-title-default-style\">\n\t<div class=\"pxl-heading--inner\">\n\t\t\n\t\t<h3 class=\"pxl-item--title style-default highlight-default\" data-wow-delay=\"ms\">\n\n\t\t\t<span class=\"pxl-heading--text no\">\n\n\t\t\t\t\t\t\t\t\tNossos principais produtos\t\n\t\t\t\t\t\n\n\t\t\t<\/span>\n\t\t<\/h3>\n\t\t\n\t<\/div>\n<\/div>\n\n\n\n\n\t\t\t\t<\/div>\n\t\t\t\t<\/div>\n\t\t\t\t<div class=\"elementor-element elementor-element-a7e63cf pxl-post-layout-portfolio-2 elementor-widget elementor-widget-pxl_post_grid\" data-id=\"a7e63cf\" data-element_type=\"widget\" data-widget_type=\"pxl_post_grid.default\">\n\t\t\t\t<div class=\"elementor-widget-container\">\n\t\t\t\t\t\n<div id=\"pxl_post_grid-a7e63cf-4210\" class=\"pxl-grid pxl-portfolio-grid pxl-portfolio-grid-layout2 pxl-portfolio-style2\" data-start-page=\"1\" data-max-pages=\"2\" data-total=\"6\" data-perpage=\"4\" data-next-link=\"https:\/\/gustavorocha1756318787000.0740735.meusitehostgator.com.br\/wp-json\/wp\/v2\/pages\/1299\/page\/2\/\" data-loadmore=\"{&quot;tax&quot;:[&quot;portfolio-category&quot;],&quot;post_type&quot;:&quot;portfolio&quot;,&quot;layout&quot;:&quot;portfolio-2&quot;,&quot;startPage&quot;:1,&quot;maxPages&quot;:2,&quot;total&quot;:6,&quot;filter&quot;:&quot;false&quot;,&quot;filter_type&quot;:&quot;normal&quot;,&quot;perpage&quot;:4,&quot;nextLink&quot;:&quot;https:\\\/\\\/gustavorocha1756318787000.0740735.meusitehostgator.com.br\\\/wp-json\\\/wp\\\/v2\\\/pages\\\/1299\\\/page\\\/2\\\/&quot;,&quot;source&quot;:&quot;&quot;,&quot;orderby&quot;:&quot;date&quot;,&quot;order&quot;:&quot;asc&quot;,&quot;limit&quot;:4,&quot;post_ids&quot;:[],&quot;col_xl&quot;:12,&quot;col_lg&quot;:6,&quot;col_md&quot;:6,&quot;col_sm&quot;:6,&quot;col_xs&quot;:12,&quot;pagination_type&quot;:&quot;pagination&quot;,&quot;show_category&quot;:&quot;true&quot;,&quot;show_button&quot;:&quot;true&quot;,&quot;button_text&quot;:&quot;&quot;,&quot;show_excerpt&quot;:&quot;true&quot;,&quot;num_words&quot;:25,&quot;img_size&quot;:&quot;&quot;,&quot;grid_masonry&quot;:&quot;&quot;,&quot;pxl_animate&quot;:&quot;&quot;}\">\n    \n    <div class=\"pxl-grid-inner pxl-grid-masonry row\" data-gutter=\"15\">\n                        <div class=\"pxl-grid-item col-xl-12 col-lg-6 col-md-6 col-sm-6 col-12 servidor content-right\">\n                    <div class=\"pxl-post--inner\" data-wow-duration=\"1.2s\">\n                                                <div class=\"pxl-post--featured hover-imge-effect3\">\n                            <a href=\"https:\/\/gustavorocha1756318787000.0740735.meusitehostgator.com.br\/es\/produtos2\/ibm-i-as400\/\"><img fetchpriority=\"high\" decoding=\"async\" class=\"\" src=\"https:\/\/gustavorocha1756318787000.0740735.meusitehostgator.com.br\/wp-content\/uploads\/2025\/08\/AdobeStock_5027451-scaled-585x480.jpeg\" width=\"585\" height=\"480\" alt=\"IBM AS400 mainframe with console\" title=\"IBM AS400 mainframe with console\" \/><\/a>\n                                                            <div class=\"pxl-post--category\">\n                                    <a href=\"https:\/\/gustavorocha1756318787000.0740735.meusitehostgator.com.br\/es\/portfolio-category\/servidor\/\" rel=\"tag\">Servidor<\/a>                                <\/div>\n                                                    <\/div>\n                        <div class=\"pxl-post--holder\">\n                            <h5 class=\"pxl-post--title\"><a href=\"https:\/\/gustavorocha1756318787000.0740735.meusitehostgator.com.br\/es\/produtos2\/ibm-i-as400\/\">IBM i \/ AS400 \u2013 A Base S\u00f3lida para o Futuro do seu Neg\u00f3cio<\/a><\/h5>\n                                                            <div class=\"pxl-post--content\">\n                                    Descubra por que o IBM i (AS400) \u00e9 a escolha de empresas que n\u00e3o abrem m\u00e3o de confiabilidade e baixo custo. Performance, seguran\u00e7a e escalabilidade&hellip;                                <\/div>\n                                                                                        <div class=\"pxl-post--readmore\">\n                                    <a class=\"pxl-button\" href=\"https:\/\/gustavorocha1756318787000.0740735.meusitehostgator.com.br\/es\/produtos2\/ibm-i-as400\/\">\n                                        <span class=\"pxl--btn-icon\">\n                                            <svg xmlns=\"http:\/\/www.w3.org\/2000\/svg\" width=\"19\" height=\"19\" viewbox=\"0 0 19 19\" fill=\"#BABABA\">\n                                                <path d=\"M16.0061 5.121L3.09561 18.0315L0.974609 15.9105L13.8836 3H2.50611V0H19.0061V16.5H16.0061V5.121Z\" \/>\n                                            <\/svg>\n                                        <\/span>\n                                    <\/a>\n                                <\/div>\n                                                    <\/div>\n                    <\/div>\n                <\/div>\n                                    <div class=\"pxl-grid-item col-xl-12 col-lg-6 col-md-6 col-sm-6 col-12 servidor content-left\">\n                    <div class=\"pxl-post--inner\" data-wow-duration=\"1.2s\">\n                                                <div class=\"pxl-post--featured hover-imge-effect3\">\n                            <a href=\"https:\/\/gustavorocha1756318787000.0740735.meusitehostgator.com.br\/es\/produtos2\/servidores-ibm-power\/\"><img decoding=\"async\" data-src=\"https:\/\/gustavorocha1756318787000.0740735.meusitehostgator.com.br\/wp-content\/uploads\/2024\/09\/servers-585x480.png\" width=\"585\" height=\"480\" alt=\"servers\" title=\"servers\" src=\"data:image\/svg+xml;base64,PHN2ZyB3aWR0aD0iMSIgaGVpZ2h0PSIxIiB4bWxucz0iaHR0cDovL3d3dy53My5vcmcvMjAwMC9zdmciPjwvc3ZnPg==\" class=\"lazyload\" style=\"--smush-placeholder-width: 585px; --smush-placeholder-aspect-ratio: 585\/480;\" \/><\/a>\n                                                            <div class=\"pxl-post--category\">\n                                    <a href=\"https:\/\/gustavorocha1756318787000.0740735.meusitehostgator.com.br\/es\/portfolio-category\/servidor\/\" rel=\"tag\">Servidor<\/a>                                <\/div>\n                                                    <\/div>\n                        <div class=\"pxl-post--holder\">\n                            <h5 class=\"pxl-post--title\"><a href=\"https:\/\/gustavorocha1756318787000.0740735.meusitehostgator.com.br\/es\/produtos2\/servidores-ibm-power\/\">Servidores IBM Power<\/a><\/h5>\n                                                            <div class=\"pxl-post--content\">\n                                    Os servidores IBM Power s\u00e3o servidores de alto desempenho projetados para atender \u00e0s necessidades de cargas de trabalho intensivas. Eles s\u00e3o baseados na arquitetura Power,&hellip;                                <\/div>\n                                                                                        <div class=\"pxl-post--readmore\">\n                                    <a class=\"pxl-button\" href=\"https:\/\/gustavorocha1756318787000.0740735.meusitehostgator.com.br\/es\/produtos2\/servidores-ibm-power\/\">\n                                        <span class=\"pxl--btn-icon\">\n                                            <svg xmlns=\"http:\/\/www.w3.org\/2000\/svg\" width=\"19\" height=\"19\" viewbox=\"0 0 19 19\" fill=\"#BABABA\">\n                                                <path d=\"M16.0061 5.121L3.09561 18.0315L0.974609 15.9105L13.8836 3H2.50611V0H19.0061V16.5H16.0061V5.121Z\" \/>\n                                            <\/svg>\n                                        <\/span>\n                                    <\/a>\n                                <\/div>\n                                                    <\/div>\n                    <\/div>\n                <\/div>\n                                    <div class=\"pxl-grid-item col-xl-12 col-lg-6 col-md-6 col-sm-6 col-12 storage content-right\">\n                    <div class=\"pxl-post--inner\" data-wow-duration=\"1.2s\">\n                                                <div class=\"pxl-post--featured hover-imge-effect3\">\n                            <a href=\"https:\/\/gustavorocha1756318787000.0740735.meusitehostgator.com.br\/es\/produtos2\/storage-ibm\/\"><img decoding=\"async\" data-src=\"https:\/\/gustavorocha1756318787000.0740735.meusitehostgator.com.br\/wp-content\/uploads\/2025\/07\/BA-News-BA-e-AMM-1080-x-1080-px-1-585x480.png\" width=\"585\" height=\"480\" alt=\"Imagem promocional do IBM Power11 destacando seus principais diferenciais: alta disponibilidade com zero downtime, desempenho otimizado para intelig\u00eancia artificial e bancos de dados, integra\u00e7\u00e3o com IBM Cloud e multicloud, e efici\u00eancia energ\u00e9tica com menor consumo e footprint.\" title=\"B&amp;A News - B&amp;A e AMM (1080 x 1080 px) (1)\" src=\"data:image\/svg+xml;base64,PHN2ZyB3aWR0aD0iMSIgaGVpZ2h0PSIxIiB4bWxucz0iaHR0cDovL3d3dy53My5vcmcvMjAwMC9zdmciPjwvc3ZnPg==\" class=\"lazyload\" style=\"--smush-placeholder-width: 585px; --smush-placeholder-aspect-ratio: 585\/480;\" \/><\/a>\n                                                            <div class=\"pxl-post--category\">\n                                    <a href=\"https:\/\/gustavorocha1756318787000.0740735.meusitehostgator.com.br\/es\/portfolio-category\/storage\/\" rel=\"tag\">Storage<\/a>                                <\/div>\n                                                    <\/div>\n                        <div class=\"pxl-post--holder\">\n                            <h5 class=\"pxl-post--title\"><a href=\"https:\/\/gustavorocha1756318787000.0740735.meusitehostgator.com.br\/es\/produtos2\/storage-ibm\/\">Storage IBM<\/a><\/h5>\n                                                            <div class=\"pxl-post--content\">\n                                    A IBM oferece uma variedade de solu\u00e7\u00f5es de armazenamento, incluindo hardware, software e servi\u00e7os de armazenamento baseados em nuvem.                                <\/div>\n                                                                                        <div class=\"pxl-post--readmore\">\n                                    <a class=\"pxl-button\" href=\"https:\/\/gustavorocha1756318787000.0740735.meusitehostgator.com.br\/es\/produtos2\/storage-ibm\/\">\n                                        <span class=\"pxl--btn-icon\">\n                                            <svg xmlns=\"http:\/\/www.w3.org\/2000\/svg\" width=\"19\" height=\"19\" viewbox=\"0 0 19 19\" fill=\"#BABABA\">\n                                                <path d=\"M16.0061 5.121L3.09561 18.0315L0.974609 15.9105L13.8836 3H2.50611V0H19.0061V16.5H16.0061V5.121Z\" \/>\n                                            <\/svg>\n                                        <\/span>\n                                    <\/a>\n                                <\/div>\n                                                    <\/div>\n                    <\/div>\n                <\/div>\n                                    <div class=\"pxl-grid-item col-xl-12 col-lg-6 col-md-6 col-sm-6 col-12 storage content-left\">\n                    <div class=\"pxl-post--inner\" data-wow-duration=\"1.2s\">\n                                                <div class=\"pxl-post--featured hover-imge-effect3\">\n                            <a href=\"https:\/\/gustavorocha1756318787000.0740735.meusitehostgator.com.br\/es\/produtos2\/storage-dell\/\"><img decoding=\"async\" data-src=\"https:\/\/gustavorocha1756318787000.0740735.meusitehostgator.com.br\/wp-content\/uploads\/2025\/09\/DELL-585x480.jpg\" width=\"585\" height=\"480\" alt=\"DELL\" title=\"DELL\" src=\"data:image\/svg+xml;base64,PHN2ZyB3aWR0aD0iMSIgaGVpZ2h0PSIxIiB4bWxucz0iaHR0cDovL3d3dy53My5vcmcvMjAwMC9zdmciPjwvc3ZnPg==\" class=\"lazyload\" style=\"--smush-placeholder-width: 585px; --smush-placeholder-aspect-ratio: 585\/480;\" \/><\/a>\n                                                            <div class=\"pxl-post--category\">\n                                    <a href=\"https:\/\/gustavorocha1756318787000.0740735.meusitehostgator.com.br\/es\/portfolio-category\/storage\/\" rel=\"tag\">Storage<\/a>                                <\/div>\n                                                    <\/div>\n                        <div class=\"pxl-post--holder\">\n                            <h5 class=\"pxl-post--title\"><a href=\"https:\/\/gustavorocha1756318787000.0740735.meusitehostgator.com.br\/es\/produtos2\/storage-dell\/\">Storage DELL<\/a><\/h5>\n                                                            <div class=\"pxl-post--content\">\n                                    A Dell oferece uma variedade de solu\u00e7\u00f5es de armazenamento para uso pessoal e profissional.                                <\/div>\n                                                                                        <div class=\"pxl-post--readmore\">\n                                    <a class=\"pxl-button\" href=\"https:\/\/gustavorocha1756318787000.0740735.meusitehostgator.com.br\/es\/produtos2\/storage-dell\/\">\n                                        <span class=\"pxl--btn-icon\">\n                                            <svg xmlns=\"http:\/\/www.w3.org\/2000\/svg\" width=\"19\" height=\"19\" viewbox=\"0 0 19 19\" fill=\"#BABABA\">\n                                                <path d=\"M16.0061 5.121L3.09561 18.0315L0.974609 15.9105L13.8836 3H2.50611V0H19.0061V16.5H16.0061V5.121Z\" \/>\n                                            <\/svg>\n                                        <\/span>\n                                    <\/a>\n                                <\/div>\n                                                    <\/div>\n                    <\/div>\n                <\/div>\n                            <div class=\"grid-sizer col-xl-12 col-lg-6 col-md-6 col-sm-6 col-12\"><\/div>\n        \n    <\/div>\n            <div class=\"pxl-grid-pagination\">\n                        <nav class=\"pxl-pagination-wrap ajax\">\n                <div class=\"pxl-pagination-links\">\n                    <span aria-current=\"page\" class=\"page-numbers current\"><span>1<\/span><\/span>\n<a class=\"page-numbers\" href=\"#2\"><span>2<\/span><\/a>\n<a class=\"next page-numbers\" href=\"#2\"><i class=\"caseicon-double-chevron-right\"><\/i><\/a>                <\/div>\n            <\/nav>\n                    <\/div>\n        <\/div>\t\t\t\t<\/div>\n\t\t\t\t<\/div>\n\t\t            <\/div>\r\n        <\/div>\r\n        \t\t\t<\/div>\n\t\t<\/section>\n\t\t\t\t<\/div>","protected":false},"excerpt":{"rendered":"<p>Nossos principais produtos AI Design AI Retails Optimization AI retail optimization involves leverag artificial intelligence to enhance various aspects of retail operations, from inventory management&#8230; AI Design AI Chatbot Integration AI retail optimization uses artificial intelligence to enhance various retail operations, with a strong focus on improving inventory management. AI Design AI-Driven Marketing Analytics By [&hellip;]<\/p>","protected":false},"author":1,"featured_media":0,"parent":0,"menu_order":0,"comment_status":"closed","ping_status":"closed","template":"","meta":{"footnotes":""},"class_list":["post-1299","page","type-page","status-publish","hentry"],"_links":{"self":[{"href":"https:\/\/gustavorocha1756318787000.0740735.meusitehostgator.com.br\/es\/wp-json\/wp\/v2\/pages\/1299","targetHints":{"allow":["GET"]}}],"collection":[{"href":"https:\/\/gustavorocha1756318787000.0740735.meusitehostgator.com.br\/es\/wp-json\/wp\/v2\/pages"}],"about":[{"href":"https:\/\/gustavorocha1756318787000.0740735.meusitehostgator.com.br\/es\/wp-json\/wp\/v2\/types\/page"}],"author":[{"embeddable":true,"href":"https:\/\/gustavorocha1756318787000.0740735.meusitehostgator.com.br\/es\/wp-json\/wp\/v2\/users\/1"}],"replies":[{"embeddable":true,"href":"https:\/\/gustavorocha1756318787000.0740735.meusitehostgator.com.br\/es\/wp-json\/wp\/v2\/comments?post=1299"}],"version-history":[{"count":6,"href":"https:\/\/gustavorocha1756318787000.0740735.meusitehostgator.com.br\/es\/wp-json\/wp\/v2\/pages\/1299\/revisions"}],"predecessor-version":[{"id":14758,"href":"https:\/\/gustavorocha1756318787000.0740735.meusitehostgator.com.br\/es\/wp-json\/wp\/v2\/pages\/1299\/revisions\/14758"}],"wp:attachment":[{"href":"https:\/\/gustavorocha1756318787000.0740735.meusitehostgator.com.br\/es\/wp-json\/wp\/v2\/media?parent=1299"}],"curies":[{"name":"wp","href":"https:\/\/api.w.org\/{rel}","templated":true}]}}