{"id":14849,"date":"2025-09-10T01:49:27","date_gmt":"2025-09-10T01:49:27","guid":{"rendered":"https:\/\/gustavorocha1756318787000.0740735.meusitehostgator.com.br\/?page_id=14849"},"modified":"2025-09-10T01:51:06","modified_gmt":"2025-09-10T01:51:06","slug":"codigo-de-conduta-e-diretrizes-de-compliance","status":"publish","type":"page","link":"https:\/\/gustavorocha1756318787000.0740735.meusitehostgator.com.br\/en\/codigo-de-conduta-e-diretrizes-de-compliance\/","title":{"rendered":"C\u00d3DIGO DE CONDUTA E DIRETRIZES DE COMPLIANCE"},"content":{"rendered":"<div data-elementor-type=\"wp-page\" data-elementor-id=\"14849\" class=\"elementor elementor-14849\" data-elementor-post-type=\"page\">\n\t\t\t\t<div class=\"elementor-element elementor-element-6f0015b0 e-flex e-con-boxed e-con e-parent\" data-id=\"6f0015b0\" data-element_type=\"container\">\t\t\t<div class=\"e-con-inner\">\r\n\t\t\t\t<div class=\"elementor-element elementor-element-7fd75b2b elementor-widget elementor-widget-text-editor\" data-id=\"7fd75b2b\" data-element_type=\"widget\" data-widget_type=\"text-editor.default\">\n\t\t\t\t\t\t\t\t\t\n<div id=\"model-response-message-contentr_d7fc2b011fe5f417\" class=\"markdown markdown-main-panel enable-updated-hr-color\" dir=\"ltr\">\n<h3 class=\"wp-block-heading\"><b>C\u00d3DIGO DE CONDUTA E DIRETRIZES DE COMPLIANCE<\/b><\/h3>\n<p>\u00a0<\/p>\n<p><b>AMM SOLUTIONS<\/b><\/p>\n<hr \/>\n<p>\u00a0<\/p>\n<h3><b>CONTROLE DE VERS\u00d5ES<\/b><\/h3>\n<p>\u00a0<\/p>\n<ul>\n<li>\n<p><b>Vers\u00e3o:<\/b> 1.0<\/p>\n<\/li>\n<li>\n<p><b>Data de Cria\u00e7\u00e3o:<\/b> Setembro de 2025<\/p>\n<\/li>\n<li>\n<p><b>Respons\u00e1vel:<\/b> Comit\u00ea de Integridade e \u00c9tica AMM Solutions<\/p>\n<\/li>\n<\/ul>\n<hr \/>\n<p>\u00a0<\/p>\n<h3><b>MENSAGEM DA LIDERAN\u00c7A<\/b><\/h3>\n<p>\u00a0<\/p>\n<p>&#8220;Em um cen\u00e1rio de neg\u00f3cios din\u00e2mico e competitivo, a \u00e9tica e a integridade s\u00e3o os pilares que sustentam a nossa reputa\u00e7\u00e3o e o nosso sucesso. Na AMM Solutions, acreditamos que a nossa trajet\u00f3ria de crescimento est\u00e1 diretamente ligada \u00e0 maneira como conduzimos nossos neg\u00f3cios: com transpar\u00eancia, responsabilidade e um compromisso inabal\u00e1vel com os mais altos padr\u00f5es de conduta.<\/p>\n<p>Este <b>C\u00f3digo de Conduta e Diretrizes de Compliance<\/b> \u00e9 mais do que um documento; \u00e9 o nosso guia pr\u00e1tico, um reflexo dos valores que nos definem. Ele serve como uma b\u00fassola para todos os colaboradores, parceiros e fornecedores, garantindo que cada decis\u00e3o e cada a\u00e7\u00e3o estejam alinhadas com a nossa miss\u00e3o e os nossos princ\u00edpios.<\/p>\n<p>Nosso compromisso com a conformidade vai al\u00e9m das leis e regulamentos. Trata-se de construir uma cultura de respeito, honestidade e confian\u00e7a. Estou confiante de que, ao seguir estas diretrizes, continuaremos a fortalecer nossa posi\u00e7\u00e3o no mercado, honrando a confian\u00e7a de nossos clientes e contribuindo para um ambiente de neg\u00f3cios mais justo e \u00edntegro.<\/p>\n<p><b>Armando Mohamed<\/b> Fundador&#8221;<\/p>\n<hr \/>\n<p>\u00a0<\/p>\n<h3><b>C\u00d3DIGO DE CONDUTA DA AMM SOLUTIONS<\/b><\/h3>\n<p>\u00a0<\/p>\n<p>Este C\u00f3digo de Conduta estabelece as normas e expectativas de comportamento que devem ser seguidas por todos os colaboradores, parceiros de neg\u00f3cio, prestadores de servi\u00e7os e fornecedores da AMM Solutions.<\/p>\n<p><b>1. Respeito \u00e0s Pessoas<\/b> A AMM Solutions valoriza e promove um ambiente de trabalho que respeita a dignidade, a diversidade e os direitos de todos. \u00c9 estritamente proibida qualquer forma de discrimina\u00e7\u00e3o, ass\u00e9dio ou preconceito.<\/p>\n<p><b>2. Preven\u00e7\u00e3o \u00e0 Lavagem de Dinheiro, Financiamento ao Terrorismo e Corrup\u00e7\u00e3o<\/b> Repudiamos qualquer ato de corrup\u00e7\u00e3o ou suborno. Nossas opera\u00e7\u00f5es devem ser transparentes e em conformidade com todas as leis anticorrup\u00e7\u00e3o. Qualquer suspeita de pr\u00e1tica il\u00edcita deve ser reportada imediatamente.<\/p>\n<p><b>3. Da Oferta e Aceita\u00e7\u00e3o de Cortesias<\/b> Presentes, brindes ou convites s\u00e3o aceit\u00e1veis apenas se n\u00e3o tiverem o objetivo de influenciar decis\u00f5es de neg\u00f3cios. <b>O valor m\u00e1ximo de aceita\u00e7\u00e3o para presentes \u00e9 de R$ 300,00.<\/b> Acima desse valor, o presente deve ser recusado, devolvido ou, se permitido pela pol\u00edtica interna, doado para institui\u00e7\u00f5es de caridade.<\/p>\n<p><b>4. Dos Conflitos de Interesse<\/b> Um conflito de interesse ocorre quando a sua decis\u00e3o profissional pode ser influenciada por um interesse pessoal. \u00c9 sua responsabilidade evitar essas situa\u00e7\u00f5es e, caso ocorram, comunic\u00e1-las ao Comit\u00ea de Integridade e \u00c9tica.<\/p>\n<p><b>5. Atribui\u00e7\u00f5es e Integrantes do Comit\u00ea de Integridade e \u00c9tica<\/b> O <b>Comit\u00ea de Integridade e \u00c9tica<\/b> \u00e9 o \u00f3rg\u00e3o respons\u00e1vel por garantir a conformidade com este C\u00f3digo.<\/p>\n<ul>\n<li>\n<p><b>Atribui\u00e7\u00f5es:<\/b> Esclarecer d\u00favidas, investigar den\u00fancias, propor atualiza\u00e7\u00f5es do C\u00f3digo e reportar \u00e0 lideran\u00e7a.<\/p>\n<\/li>\n<li>\n<p><b>Contato:<\/b> Todas as quest\u00f5es, d\u00favidas ou den\u00fancias podem ser enviadas para o e-mail <b>governanca@ammsolutions.com.br<\/b>.<\/p>\n<\/li>\n<\/ul>\n<p><b>6. Responsabilidade Social e Ambiental<\/b> Estamos comprometidos em conduzir nossos neg\u00f3cios de forma social e ambientalmente respons\u00e1vel, respeitando os direitos humanos e contribuindo para o desenvolvimento sustent\u00e1vel das comunidades onde atuamos.<\/p>\n<p><b>7. Canal de Den\u00fancias<\/b> Se voc\u00ea tiver conhecimento de qualquer viola\u00e7\u00e3o deste c\u00f3digo, pode report\u00e1-la de forma an\u00f4nima e segura atrav\u00e9s do nosso canal de den\u00fancias no site: <a class=\"ng-star-inserted\" href=\"https:\/\/gustavorocha1756318787000.0740735.meusitehostgator.com.br\/en\/\" target=\"_blank\" rel=\"noopener\" data-hveid=\"0\" data-ved=\"0CAAQ_4QMahgKEwja_ZuJ88yPAxUAAAAAHQAAAAAQsgI\">https:\/\/gustavorocha1756318787000.0740735.meusitehostgator.com.br\/<\/a>.<\/p>\n<\/div>\t\t\t\t\t\t\t\t<\/div>\n\t\t\t\t\t<\/div>\r\n\t\t\t\t<\/div>\r\n\t\t\t\t<\/div>","protected":false},"excerpt":{"rendered":"<p>C\u00d3DIGO DE CONDUTA E DIRETRIZES DE COMPLIANCE \u00a0 AMM SOLUTIONS \u00a0 CONTROLE DE VERS\u00d5ES \u00a0 Vers\u00e3o: 1.0 Data de Cria\u00e7\u00e3o: Setembro de 2025 Respons\u00e1vel: Comit\u00ea de Integridade e \u00c9tica AMM Solutions \u00a0 MENSAGEM DA LIDERAN\u00c7A \u00a0 &#8220;Em um cen\u00e1rio de neg\u00f3cios din\u00e2mico e competitivo, a \u00e9tica e a integridade s\u00e3o os pilares que sustentam a [&hellip;]<\/p>","protected":false},"author":1,"featured_media":0,"parent":0,"menu_order":0,"comment_status":"closed","ping_status":"closed","template":"","meta":{"footnotes":""},"class_list":["post-14849","page","type-page","status-publish","hentry"],"_links":{"self":[{"href":"https:\/\/gustavorocha1756318787000.0740735.meusitehostgator.com.br\/en\/wp-json\/wp\/v2\/pages\/14849","targetHints":{"allow":["GET"]}}],"collection":[{"href":"https:\/\/gustavorocha1756318787000.0740735.meusitehostgator.com.br\/en\/wp-json\/wp\/v2\/pages"}],"about":[{"href":"https:\/\/gustavorocha1756318787000.0740735.meusitehostgator.com.br\/en\/wp-json\/wp\/v2\/types\/page"}],"author":[{"embeddable":true,"href":"https:\/\/gustavorocha1756318787000.0740735.meusitehostgator.com.br\/en\/wp-json\/wp\/v2\/users\/1"}],"replies":[{"embeddable":true,"href":"https:\/\/gustavorocha1756318787000.0740735.meusitehostgator.com.br\/en\/wp-json\/wp\/v2\/comments?post=14849"}],"version-history":[{"count":4,"href":"https:\/\/gustavorocha1756318787000.0740735.meusitehostgator.com.br\/en\/wp-json\/wp\/v2\/pages\/14849\/revisions"}],"predecessor-version":[{"id":15574,"href":"https:\/\/gustavorocha1756318787000.0740735.meusitehostgator.com.br\/en\/wp-json\/wp\/v2\/pages\/14849\/revisions\/15574"}],"wp:attachment":[{"href":"https:\/\/gustavorocha1756318787000.0740735.meusitehostgator.com.br\/en\/wp-json\/wp\/v2\/media?parent=14849"}],"curies":[{"name":"wp","href":"https:\/\/api.w.org\/{rel}","templated":true}]}}